{"id":301,"date":"2018-11-19T16:54:07","date_gmt":"2018-11-19T15:54:07","guid":{"rendered":"http:\/\/genovainunritratto.it\/?page_id=301"},"modified":"2018-11-19T17:14:05","modified_gmt":"2018-11-19T16:14:05","slug":"la-stampa","status":"publish","type":"page","link":"https:\/\/genovainunritratto.it\/index.php\/la-stampa\/","title":{"rendered":"La Stampa"},"content":{"rendered":"<p>[vc_row css_animation=&#8221;&#8221; row_type=&#8221;row&#8221; use_row_as_full_screen_section=&#8221;no&#8221; type=&#8221;full_width&#8221; angled_section=&#8221;no&#8221; text_align=&#8221;left&#8221; background_image_as_pattern=&#8221;without_pattern&#8221;][vc_column][vc_column_text]<a name=\"cosa\"><\/a><\/p>\n<p>La stampa Fine Art \u00e8 una stampa di altissima qualit\u00e0, capace di riprodurre tutta la gamma tonale e conservare i dettagli nelle ombre e nelle luci, garantendo la resa del nero profondo e l\u2019espressivit\u00e0 dell\u2019immagine.<\/p>\n<p>Viene eseguita con speciali inchiostri e tecniche sofisticate, ed \u00e8 un tipo di stampa idonea per mostre o esposizione in musei e gallerie d\u2019arte.<\/p>\n<p><a name=\"tecnica\"><\/a><\/p>\n<p>Le stampe vengono realizzate con tecnologia Premium-Inkjetm, su carte Fine-Art di qualit\u00e0, in cellulosa di cotone al 100%, pressate a freddo, esenti da acidi e con Ph neutro.<\/p>\n<p>Nel processo di stampa si utilizzano inoltre inchiostri pigmentati anti-UV esenti da solventi (ULTRACHROME K3), che hanno una lunga durata. A contribuire a creare tonalit\u00e0 continue e transizioni cromatiche omogenee \u00e8 invece la tecnologia multistrato HP, con inchiostri a sei colori appositamente formulati<\/p>\n<p><a name=\"tecnica\"><\/a><\/p>\n<p>Per raggingere altissimi livelli di stampa sono indispensabili alcuni fondamentali elementi e particolari competenze che LAB photo service mette al servizio del cliente. Sono necessarie ottime conoscenze nella post produzione e gestione di stampa.<br \/>\nIl punto di partenza per una stampa Fine Art di qualit\u00e0 \u00e8 un file digitale di ottima qualit\u00e0.<\/p>\n<p>Fondamentale anche il tipo di carta. LAB photo service utilizza tipologie di carta di qualit\u00e0 estremamente elevata, come ad esempio la carta Hahnem\u00fchle, nelle sue svariate grammature.<br \/>\nIl tipo di stampanti inkjet professional Epson utilizzate devono garantire prestazioni di livello.<br \/>\nDeterminanti gli inchiostri pigmentati evoluti studiati appositamente per i materiali stampa.<\/p>\n<p>Infine, ma aspetto affatto trascurabile, \u00e8 indispensabile una competenza professionale in ambito di Color Management per la gestione dei profili colore.<\/p>\n<p><a id=\"tecnica\" name=\"tecnica\"><\/a><\/p>\n<p>&nbsp;<\/p>\n<p><a id=\"tecnica\" name=\"tecnica\"><\/a><\/p>\n<p><a id=\"cosa\" name=\"cosa\"><\/a>[\/vc_column_text][\/vc_column][\/vc_row][vc_row css_animation=&#8221;&#8221; row_type=&#8221;row&#8221; use_row_as_full_screen_section=&#8221;no&#8221; type=&#8221;full_width&#8221; angled_section=&#8221;no&#8221; text_align=&#8221;left&#8221; background_image_as_pattern=&#8221;without_pattern&#8221;][vc_column][vc_separator type=&#8221;normal&#8221;][\/vc_column][\/vc_row][vc_row css_animation=&#8221;&#8221; row_type=&#8221;row&#8221; use_row_as_full_screen_section=&#8221;no&#8221; type=&#8221;full_width&#8221; angled_section=&#8221;no&#8221; text_align=&#8221;left&#8221; background_image_as_pattern=&#8221;without_pattern&#8221;][vc_column][vc_column_text]<\/p>\n<div id=\"contenuto\">\n<p><a href=\"http:\/\/www.labphotoservice.com\/digi-graphie.html\">Digigraphie<\/a> \u00e8 un marchio di validazione Epson che consente di produrre o riprodurre capolavori in tiratura limitata. Digigraphie \u00e8 un marchio di eccellenza per il cui utilizzo \u00e8 richiersta l&#8217;osservanza di precisi criteri e regole di utilizzo, per garantire cos\u00ec valore aggiunto alle vostre riproduzioni digitali. Il marchio di approvazione Digigraphie\u00ae Collection \u00e8 una certificazione frutto di anni di ricerca di Epson sulle prestazioni tecniche delle proprie stampanti e sulla resistenza e qualit\u00e0 degli inchiostri a pigmenti Epson UltraChromeTM, e garantisce gli standard pi\u00f9 elevati nella riproduzione digitale di opere artistiche.<\/p>\n<\/div>\n<h4>Come nasce Digigraphie\u00ae ?<\/h4>\n<p>La creazione del marchio Digigraphie \u00e8 relativamente recente; nondimeno, la tecnica esiste gi\u00e0 da molto tempo. Ufficialmente, la Digigraphie nasce nel 2003, precisamente in occasione del centenario del Salone d&#8217;Autunno di Parigi, il 13 novembre 2003.<br \/>\nPer molto tempo fotografi, artisti e laboratori fotografici e litografici, si sono affidati alla tecnologia delle stampanti Epson per la riproduzione di stampe artistiche, tracciando la strada per una nuova disciplina: la riproduzione digitale di opere d\u2019arte.<br \/>\nGi\u00e0 nel 1991 negli Stati Uniti si era verificata la ricerca di un termine generico che descrivesse le opere dell\u2019artista Diane Bartz riprodotte con la tecnologia inkjet. Venne quindi utilizzato il termine francese &#8220;jet d\u2019encre&#8221; (inkjet) poi modificato in in &#8220;gicleur&#8221; (getto\/ugello), per individuare poi la definizione a &#8220;gicl\u00e9e&#8221; (a spruzzo).<br \/>\nParallelamente in Francia viene affrontata dagli artisti la medesima questione: esclusa in premessa l\u2019espressione &#8220;stampa inkjet&#8221;, valutata inappropriata per le stampe artistiche, si decise di creare un\u2019etichetta propria. Nascono cos\u00ec la &#8220;Pixographie\u201d di Philip Plisson e la &#8220;Hyperchrome&#8221; di Jean-No\u00ebl l\u2019Harmeroult, fotografo di moda. Era a quel punto necessario creare uno standard di settore: nel 2003 Epson France ha registrato il nome Digigraphie\u00ae.<\/p>\n<p>In prospettiva di una maggiore visibilit\u00e0 e un maggiore controllo sulle proprie produzioni e riproduzioni artistiche, per artisti, Musei e Gallerie, c\u2019\u00e8 Digigraphie\u00ae.<\/p>\n<h4>La Tecnica&#8230;al servizio dell&#8217;arte<\/h4>\n<p><img decoding=\"async\" loading=\"lazy\" src=\"http:\/\/www.labphotoservice.com\/images\/safe_image.png\" alt=\"attestato lab photo service digigraphie\" width=\"250\" height=\"165\" \/><\/p>\n<p>Nella riproduzione delle opere d\u2019arte ai pi\u00f9 elevati standard di qualit\u00e0, artisti, Gallerie e Musei possono contare da alcuni anni sulla Digigraphie\u00ae, una tecnica che si avvale degli studi e dei progressi della tecnologia di Epson per la stampa in grado di garantire livello e durata eccezionali.<br \/>\nLa Digigraphie\u00ae \u00e8 una stampa artistica digitale creata con una stampante Epson dotata di particolari prestazioni tecniche e caratterizzata da qualit\u00e0 e resistenza degli inchiostri a pigmenti Epson UltraChromeTM. Pertanto la Digigraphie di Epson garantisce la perfetta riproduzione di colori e sfumature: le caratteristiche dell\u2019opera non mutano nel tempo.<br \/>\nLa realizzazione di opere Digigraphie \u00e8 strettamente legata ai materiali utilizzati. Epson ha selezionato una gamma di supporti fine art di qualit\u00e0 elevata dedicati alla Digigraphie: Ultrasmooth Fine Art Paper, carta ruvida per applicazioni artistiche, tele in rotoli, carta fotografica tradizionale, nonch\u00e9 carta opaca &#8220;Matte&#8221; con finitura Diasec\u00ae. Tutti questi materiali sono stati testati in laboratori indipendenti per garantire qualit\u00e0 e stabilit\u00e0 della riproduzione nel tempo. L\u2019elenco completo dei supporti artistici \u00e8 disponibile sul sito www.digigraphie.com.<br \/>\nIl marchio permette di produrre o riprodurre capolavori in serie limitata, e copie digitali uniche, in quanto ogni riproduzione viene numerata, referenziata e firmata dall\u2019artista.<\/p>\n<div id=\"menu\"><\/div>\n<p><img decoding=\"async\" src=\"http:\/\/www.labphotoservice.com\/images\/digigraphie-01.png\" alt=\"certificato digigraphie\" \/><\/p>\n<p>La Digigraphie offre a ogni artista l&#8217;opportunit\u00e0 di ampliare la diffusione delle proprie creazioni, con edizioni di qualit\u00e0 elevata in tiratura limitata. Grazie agli elevati controlli su qualit\u00e0 e quantit\u00e0 delle stampre prodotte, la tecnologia Epson consente a ogni tipo di cliente di essere sicuro sulla qualit\u00e0 e sulla durata dell&#8217;opera d&#8217;arte prodotta ed esposta. Il fotografo non si limita a catturare immagini, ma acquisisce il controllo sulla produzione delle proprie stampe, pu\u00f2 scegliere il layout preferito e, grazie a firma e numerazione, crea un&#8217;edizione limitata della propria opera. La Digigraphie di Epson garantisce la perfetta riproduzione di colori e sfumature: gli artisti possono riprodurre i propri lavori in base alle richieste pervenute, senza timore di rovinare gli originali e senza compromettere le caratteristiche dell&#8217;opera da loro diffusa. Un altro dei vantaggi offerti dalla Digigraphie \u00e8 il carattere originale delle opere d&#8217;arte. Ogni stampa prodotta da un artista Digigraphie rappresenta in realt\u00e0 un\u2019opera originale, numerata e firmata. Le gallerie possono cos\u00ec disporre di un\u2019offerta multipla e vendere copie di un\u2019opera esclusiva in tiratura limitata, in alternativa all&#8217;opera singola e alle stampe in grande tiratura. Le strutture pubbliche e private possono ora offrire ai visitatori la possibilit\u00e0 di acquistare capolavori in tiratura limitata sotto forma di riproduzioni esclusive e di lunga durata delle proprie foto o dei propri dipinti preferiti. Un\u2019ottima opportunit\u00e0 per arricchire la propria casa con un\u2019opera d\u2019arte. La vendita delle opere Digigraphie Collection pu\u00f2 avvenire in occasione di mostre temporanee o durante un\u2019esposizione permanente.[\/vc_column_text][\/vc_column][\/vc_row]<\/p>\n","protected":false},"excerpt":{"rendered":"<p>[vc_row css_animation=&#8221;&#8221; row_type=&#8221;row&#8221; use_row_as_full_screen_section=&#8221;no&#8221; type=&#8221;full_width&#8221; angled_section=&#8221;no&#8221; text_align=&#8221;left&#8221; background_image_as_pattern=&#8221;without_pattern&#8221;][vc_column][vc_column_text] La stampa Fine Art \u00e8 una stampa di altissima qualit\u00e0, capace di riprodurre tutta la gamma tonale e conservare i dettagli nelle ombre e nelle luci, garantendo la resa del nero profondo e l\u2019espressivit\u00e0 dell\u2019immagine. Viene eseguita&#8230;<\/p>\n","protected":false},"author":1,"featured_media":0,"parent":0,"menu_order":0,"comment_status":"closed","ping_status":"closed","template":"","meta":[],"_links":{"self":[{"href":"https:\/\/genovainunritratto.it\/index.php\/wp-json\/wp\/v2\/pages\/301"}],"collection":[{"href":"https:\/\/genovainunritratto.it\/index.php\/wp-json\/wp\/v2\/pages"}],"about":[{"href":"https:\/\/genovainunritratto.it\/index.php\/wp-json\/wp\/v2\/types\/page"}],"author":[{"embeddable":true,"href":"https:\/\/genovainunritratto.it\/index.php\/wp-json\/wp\/v2\/users\/1"}],"replies":[{"embeddable":true,"href":"https:\/\/genovainunritratto.it\/index.php\/wp-json\/wp\/v2\/comments?post=301"}],"version-history":[{"count":3,"href":"https:\/\/genovainunritratto.it\/index.php\/wp-json\/wp\/v2\/pages\/301\/revisions"}],"predecessor-version":[{"id":308,"href":"https:\/\/genovainunritratto.it\/index.php\/wp-json\/wp\/v2\/pages\/301\/revisions\/308"}],"wp:attachment":[{"href":"https:\/\/genovainunritratto.it\/index.php\/wp-json\/wp\/v2\/media?parent=301"}],"curies":[{"name":"wp","href":"https:\/\/api.w.org\/{rel}","templated":true}]}}